{"id":1217,"date":"2023-07-10T16:34:07","date_gmt":"2023-07-10T13:34:07","guid":{"rendered":"https:\/\/nububackyardultra.com\/?page_id=1217"},"modified":"2025-12-04T06:47:07","modified_gmt":"2025-12-04T04:47:07","slug":"kilpailun-saannot-10-7-2023","status":"publish","type":"page","link":"https:\/\/nububackyardultra.com\/en\/kilpailun-saannot-10-7-2023\/","title":{"rendered":"Competition rules"},"content":{"rendered":"<p class=\"wp-block-paragraph\"><strong>Route<\/strong><\/p>\n\n\n\n<p class=\"wp-block-paragraph\">The route is one (6,7km) loop during the day (from 7:00 a.m. till 7:00 p.m.) and at night (from 7:00 p.m. till 7:00 a.m.). The routes start and end in the same way but the middle part is asphalt at night instead of a path.<\/p>\n\n\n\n<p class=\"wp-block-paragraph\">The route is 6,706 km long.<\/p>\n\n\n\n<p class=\"wp-block-paragraph\"><strong>Starting point<\/strong><\/p>\n\n\n\n<p class=\"wp-block-paragraph\">The starting area remains the same throughout the race. Everyone must be in the starting area at the start when the starting bell rings.<\/p>\n\n\n\n<p class=\"wp-block-paragraph\"><strong>Start at<\/strong><\/p>\n\n\n\n<p class=\"wp-block-paragraph\">Each round starts every hour.<\/p>\n\n\n\n<p class=\"wp-block-paragraph\">Starting notification is given 3, 2 and 1 minute before the start.<\/p>\n\n\n\n<p class=\"wp-block-paragraph\">Everyone gets going when the cowbell rings.<\/p>\n\n\n\n<p class=\"wp-block-paragraph\"><strong>During the round<\/strong><\/p>\n\n\n\n<p class=\"wp-block-paragraph\">You are not allowed to leave the route during the tour, except to go to the toilet in nature. <\/p>\n\n\n\n<p class=\"wp-block-paragraph\">Only competitors are allowed to run on the course.<\/p>\n\n\n\n<p class=\"wp-block-paragraph\">No outside assistance is allowed during the rounds. Each round must be completed within one hour, including the last round.<\/p>\n\n\n\n<p class=\"wp-block-paragraph\">No assistive devices, such as walking sticks, are allowed.<\/p>\n\n\n\n<p class=\"wp-block-paragraph\">Slower runners should give way to faster ones.<\/p>\n\n\n\n<p class=\"wp-block-paragraph\">The rules do not actually restrict the use of the phone on the route, but please note that you should not contact the service centre along the route except in an emergency.<\/p>\n\n\n\n<p class=\"wp-block-paragraph\"><strong>Timekeeping<\/strong><\/p>\n\n\n\n<p class=\"wp-block-paragraph\"><a href=\"https:\/\/my.raceresult.com\/309602\/live\">Electronic timekeeping<\/a> and GPS tracking (<a href=\"https:\/\/pallurat.com\/seurantalinkit\/\">www.pallurat.fi<\/a>)<\/p>\n\n\n\n<p class=\"wp-block-paragraph\"><strong>Winner \/ Results<\/strong><\/p>\n\n\n\n<p class=\"wp-block-paragraph\">The winner is the player who completes one more round than anyone else in the time allowed. The DNF result will be given to all other runners.<\/p>\n\n\n\n<p class=\"wp-block-paragraph\">The distance\/ number of laps run by each competitor is indicated. If no one can run one more lap than the others, there is no winner.<\/p>\n\n\n\n<p class=\"wp-block-paragraph\"><strong>End of the competition<\/strong><\/p>\n\n\n\n<p class=\"wp-block-paragraph\">The competition has no predetermined closing time<\/p>\n\n\n\n<p class=\"wp-block-paragraph\"><strong>Service team<\/strong><\/p>\n\n\n\n<p class=\"wp-block-paragraph\">In the Backyard it is really <strong>it is important for each runner to have a own support person.<\/strong>Our volunteers have their own tasks and it is difficult to help the runners.<\/p>\n\n\n\n<p class=\"wp-block-paragraph\">One support person\/runner at a time will be admitted to the competition centre building. This will avoid excessive congestion in the competition centre. When runners drop off during the race, there will also be enough space for the support teams inside.<\/p>\n\n\n\n<p class=\"wp-block-paragraph\"><strong>Toilets and competition centre facilities<\/strong><\/p>\n\n\n\n<p class=\"wp-block-paragraph\">The facilities are mainly for the use of the runners! When the runners are on the course, support team can also come inside to the racecentre.<\/p>\n\n\n\n<p class=\"wp-block-paragraph\"><strong>Compulsory equipment<\/strong><\/p>\n\n\n\n<p class=\"wp-block-paragraph\">From 6:00 p.m. onwards, a lamp and reflective vest must be worn when running. During the event, the race director will inform you in good time about the use of the vest and the lamp. At 8.00 a.m. you can stop using your vest and lamp.<\/p>\n\n\n\n<p class=\"wp-block-paragraph\">Please also bring a spare torch. The reflective vest can be semi-rigid.<\/p>\n\n\n\n<p class=\"wp-block-paragraph\"><strong>Recommended equipment<\/strong><\/p>\n\n\n\n<p class=\"wp-block-paragraph\">A mobile phone and a whistle are recommended. In case of emergency, please call the race director Juha Sepp\u00e4l\u00e4 040 8353995 and the first aid 040 687 7647.<\/p>\n\n\n\n<p class=\"wp-block-paragraph\"><strong>Prizes<\/strong><\/p>\n\n\n\n<p class=\"wp-block-paragraph\">Everyone will receive a plywood participation medal.<\/p>\n\n\n\n<figure class=\"wp-block-image size-large\"><img data-recalc-dims=\"1\" loading=\"lazy\" decoding=\"async\" width=\"685\" height=\"685\" data-attachment-id=\"1891\" data-permalink=\"https:\/\/nububackyardultra.com\/en\/kilpailun-saannot-10-7-2023\/78838676-abe5-4afc-a018-d84e5e686717-1\/\" data-orig-file=\"https:\/\/i0.wp.com\/nububackyardultra.com\/wp-content\/uploads\/2024\/03\/78838676-abe5-4afc-a018-d84e5e686717-1.jpg?fit=2219%2C2219&amp;ssl=1\" data-orig-size=\"2219,2219\" data-comments-opened=\"0\" data-image-meta=\"{&quot;aperture&quot;:&quot;1.8&quot;,&quot;credit&quot;:&quot;&quot;,&quot;camera&quot;:&quot;SM-A536B&quot;,&quot;caption&quot;:&quot;&quot;,&quot;created_timestamp&quot;:&quot;1711099120&quot;,&quot;copyright&quot;:&quot;&quot;,&quot;focal_length&quot;:&quot;5.23&quot;,&quot;iso&quot;:&quot;100&quot;,&quot;shutter_speed&quot;:&quot;0.02&quot;,&quot;title&quot;:&quot;&quot;,&quot;orientation&quot;:&quot;1&quot;}\" data-image-title=\"78838676-abe5-4afc-a018-d84e5e686717-1\" data-image-description=\"\" data-image-caption=\"\" data-large-file=\"https:\/\/i0.wp.com\/nububackyardultra.com\/wp-content\/uploads\/2024\/03\/78838676-abe5-4afc-a018-d84e5e686717-1.jpg?fit=685%2C685&amp;ssl=1\" src=\"https:\/\/i0.wp.com\/nububackyardultra.com\/wp-content\/uploads\/2024\/03\/78838676-abe5-4afc-a018-d84e5e686717-1.jpg?resize=685%2C685&#038;ssl=1\" alt=\"\" class=\"wp-image-1891\" srcset=\"https:\/\/i0.wp.com\/nububackyardultra.com\/wp-content\/uploads\/2024\/03\/78838676-abe5-4afc-a018-d84e5e686717-1.jpg?resize=1024%2C1024&amp;ssl=1 1024w, https:\/\/i0.wp.com\/nububackyardultra.com\/wp-content\/uploads\/2024\/03\/78838676-abe5-4afc-a018-d84e5e686717-1.jpg?resize=300%2C300&amp;ssl=1 300w, https:\/\/i0.wp.com\/nububackyardultra.com\/wp-content\/uploads\/2024\/03\/78838676-abe5-4afc-a018-d84e5e686717-1.jpg?resize=150%2C150&amp;ssl=1 150w, https:\/\/i0.wp.com\/nububackyardultra.com\/wp-content\/uploads\/2024\/03\/78838676-abe5-4afc-a018-d84e5e686717-1.jpg?resize=768%2C768&amp;ssl=1 768w, https:\/\/i0.wp.com\/nububackyardultra.com\/wp-content\/uploads\/2024\/03\/78838676-abe5-4afc-a018-d84e5e686717-1.jpg?resize=1536%2C1536&amp;ssl=1 1536w, https:\/\/i0.wp.com\/nububackyardultra.com\/wp-content\/uploads\/2024\/03\/78838676-abe5-4afc-a018-d84e5e686717-1.jpg?resize=2048%2C2048&amp;ssl=1 2048w, https:\/\/i0.wp.com\/nububackyardultra.com\/wp-content\/uploads\/2024\/03\/78838676-abe5-4afc-a018-d84e5e686717-1.jpg?resize=1200%2C1200&amp;ssl=1 1200w, https:\/\/i0.wp.com\/nububackyardultra.com\/wp-content\/uploads\/2024\/03\/78838676-abe5-4afc-a018-d84e5e686717-1.jpg?resize=800%2C800&amp;ssl=1 800w, https:\/\/i0.wp.com\/nububackyardultra.com\/wp-content\/uploads\/2024\/03\/78838676-abe5-4afc-a018-d84e5e686717-1.jpg?resize=600%2C600&amp;ssl=1 600w, https:\/\/i0.wp.com\/nububackyardultra.com\/wp-content\/uploads\/2024\/03\/78838676-abe5-4afc-a018-d84e5e686717-1.jpg?resize=400%2C400&amp;ssl=1 400w, https:\/\/i0.wp.com\/nububackyardultra.com\/wp-content\/uploads\/2024\/03\/78838676-abe5-4afc-a018-d84e5e686717-1.jpg?resize=200%2C200&amp;ssl=1 200w, https:\/\/i0.wp.com\/nububackyardultra.com\/wp-content\/uploads\/2024\/03\/78838676-abe5-4afc-a018-d84e5e686717-1.jpg?resize=685%2C685&amp;ssl=1 685w, https:\/\/i0.wp.com\/nububackyardultra.com\/wp-content\/uploads\/2024\/03\/78838676-abe5-4afc-a018-d84e5e686717-1.jpg?resize=2000%2C2000&amp;ssl=1 2000w, https:\/\/i0.wp.com\/nububackyardultra.com\/wp-content\/uploads\/2024\/03\/78838676-abe5-4afc-a018-d84e5e686717-1.jpg?resize=100%2C100&amp;ssl=1 100w, https:\/\/i0.wp.com\/nububackyardultra.com\/wp-content\/uploads\/2024\/03\/78838676-abe5-4afc-a018-d84e5e686717-1.jpg?resize=1320%2C1320&amp;ssl=1 1320w, https:\/\/i0.wp.com\/nububackyardultra.com\/wp-content\/uploads\/2024\/03\/78838676-abe5-4afc-a018-d84e5e686717-1.jpg?w=1370&amp;ssl=1 1370w\" sizes=\"auto, (max-width: 685px) 100vw, 685px\" \/><\/figure>\n\n\n\n<p class=\"wp-block-paragraph\">The winner will receive a unique \u201dPahantorjuja\u201d belt forged by Simo Oksa, a blacksmith from Vihti. The runner-up will receive a necklace with the same theme.<\/p>\n\n\n\n<figure class=\"wp-block-image size-large\"><img data-recalc-dims=\"1\" loading=\"lazy\" decoding=\"async\" width=\"685\" height=\"976\" data-attachment-id=\"1396\" data-permalink=\"https:\/\/nububackyardultra.com\/en\/kilpailun-saannot-10-7-2023\/img_4234\/\" data-orig-file=\"https:\/\/i0.wp.com\/nububackyardultra.com\/wp-content\/uploads\/2023\/08\/img_4234.jpg?fit=1125%2C1602&amp;ssl=1\" data-orig-size=\"1125,1602\" data-comments-opened=\"0\" data-image-meta=\"{&quot;aperture&quot;:&quot;0&quot;,&quot;credit&quot;:&quot;&quot;,&quot;camera&quot;:&quot;&quot;,&quot;caption&quot;:&quot;&quot;,&quot;created_timestamp&quot;:&quot;0&quot;,&quot;copyright&quot;:&quot;&quot;,&quot;focal_length&quot;:&quot;0&quot;,&quot;iso&quot;:&quot;0&quot;,&quot;shutter_speed&quot;:&quot;0&quot;,&quot;title&quot;:&quot;&quot;,&quot;orientation&quot;:&quot;1&quot;}\" data-image-title=\"img_4234\" data-image-description=\"\" data-image-caption=\"\" data-large-file=\"https:\/\/i0.wp.com\/nububackyardultra.com\/wp-content\/uploads\/2023\/08\/img_4234.jpg?fit=685%2C976&amp;ssl=1\" src=\"https:\/\/i0.wp.com\/nububackyardultra.com\/wp-content\/uploads\/2023\/08\/img_4234.jpg?resize=685%2C976&#038;ssl=1\" alt=\"\" class=\"wp-image-1396\" srcset=\"https:\/\/i0.wp.com\/nububackyardultra.com\/wp-content\/uploads\/2023\/08\/img_4234.jpg?resize=719%2C1024&amp;ssl=1 719w, https:\/\/i0.wp.com\/nububackyardultra.com\/wp-content\/uploads\/2023\/08\/img_4234.jpg?resize=211%2C300&amp;ssl=1 211w, https:\/\/i0.wp.com\/nububackyardultra.com\/wp-content\/uploads\/2023\/08\/img_4234.jpg?resize=768%2C1094&amp;ssl=1 768w, https:\/\/i0.wp.com\/nububackyardultra.com\/wp-content\/uploads\/2023\/08\/img_4234.jpg?resize=1079%2C1536&amp;ssl=1 1079w, https:\/\/i0.wp.com\/nububackyardultra.com\/wp-content\/uploads\/2023\/08\/img_4234.jpg?resize=685%2C975&amp;ssl=1 685w, https:\/\/i0.wp.com\/nububackyardultra.com\/wp-content\/uploads\/2023\/08\/img_4234.jpg?w=1125&amp;ssl=1 1125w\" sizes=\"auto, (max-width: 685px) 100vw, 685px\" \/><\/figure>\n\n\n\n<p class=\"wp-block-paragraph\"><\/p>\n\n\n\n<pre class=\"wp-block-verse\">In the early 1970s, men from the Ry\u00f6n\u00e4 farm in Vihti Jokikunta found a curious pattern on the banks of the Vanjoki River when they were demolishing an old barn.  Samuli Nissi, the landlord, invited a local history teacher to come and admire the stone, which had a peculiar \u201dstick figure\u201d carved into its surface. The stone was named the \"Pahantorjuja\" stone.\n\nIt is not known who, why and when the pattern was carved into the stone. The carved pattern is believed to have been brought to Vihti in the 13th century by Novgorodians who moved through the area. Following similar images takes us far to the east, as far as Byzantium, Syria and Egypt, to early Christian times, to the first millennium.\n\n\"Pahantorjuja\" is now on display at the Vihti Museum, where it was moved in cooperation with the National Board of Antiquities.\n\n<a href=\"https:\/\/aonach.xyz\/\">Aonach <\/a>will reward the winner and runner-up with sports drink packages (worth \u20ac200 and \u20ac100).<\/pre>\n\n\n\n<p class=\"wp-block-paragraph\"><strong>We also want to reward the toughest fighter of the competition with Merrell shoes! Who shows the most attitude?<\/strong><\/p>\n\n\n\n<figure class=\"wp-block-image size-large is-resized\"><img data-recalc-dims=\"1\" loading=\"lazy\" decoding=\"async\" width=\"685\" height=\"274\" data-attachment-id=\"2465\" data-permalink=\"https:\/\/nububackyardultra.com\/en\/img_1410-1\/\" data-orig-file=\"https:\/\/i0.wp.com\/nububackyardultra.com\/wp-content\/uploads\/2024\/09\/img_1410-1.png?fit=2000%2C800&amp;ssl=1\" data-orig-size=\"2000,800\" data-comments-opened=\"0\" data-image-meta=\"{&quot;aperture&quot;:&quot;0&quot;,&quot;credit&quot;:&quot;&quot;,&quot;camera&quot;:&quot;&quot;,&quot;caption&quot;:&quot;&quot;,&quot;created_timestamp&quot;:&quot;0&quot;,&quot;copyright&quot;:&quot;&quot;,&quot;focal_length&quot;:&quot;0&quot;,&quot;iso&quot;:&quot;0&quot;,&quot;shutter_speed&quot;:&quot;0&quot;,&quot;title&quot;:&quot;&quot;,&quot;orientation&quot;:&quot;0&quot;}\" data-image-title=\"img_1410-1\" data-image-description=\"\" data-image-caption=\"\" data-large-file=\"https:\/\/i0.wp.com\/nububackyardultra.com\/wp-content\/uploads\/2024\/09\/img_1410-1.png?fit=685%2C274&amp;ssl=1\" src=\"https:\/\/i0.wp.com\/nububackyardultra.com\/wp-content\/uploads\/2024\/09\/img_1410-1.png?resize=685%2C274&#038;ssl=1\" alt=\"\" class=\"wp-image-2465\" style=\"aspect-ratio:2.497680257627859;width:455px;height:auto\" srcset=\"https:\/\/i0.wp.com\/nububackyardultra.com\/wp-content\/uploads\/2024\/09\/img_1410-1.png?resize=1024%2C410&amp;ssl=1 1024w, https:\/\/i0.wp.com\/nububackyardultra.com\/wp-content\/uploads\/2024\/09\/img_1410-1.png?resize=300%2C120&amp;ssl=1 300w, https:\/\/i0.wp.com\/nububackyardultra.com\/wp-content\/uploads\/2024\/09\/img_1410-1.png?resize=768%2C307&amp;ssl=1 768w, https:\/\/i0.wp.com\/nububackyardultra.com\/wp-content\/uploads\/2024\/09\/img_1410-1.png?resize=1536%2C614&amp;ssl=1 1536w, https:\/\/i0.wp.com\/nububackyardultra.com\/wp-content\/uploads\/2024\/09\/img_1410-1.png?resize=685%2C274&amp;ssl=1 685w, https:\/\/i0.wp.com\/nububackyardultra.com\/wp-content\/uploads\/2024\/09\/img_1410-1.png?resize=1320%2C528&amp;ssl=1 1320w, https:\/\/i0.wp.com\/nububackyardultra.com\/wp-content\/uploads\/2024\/09\/img_1410-1.png?w=2000&amp;ssl=1 2000w, https:\/\/i0.wp.com\/nububackyardultra.com\/wp-content\/uploads\/2024\/09\/img_1410-1.png?w=1370&amp;ssl=1 1370w\" sizes=\"auto, (max-width: 685px) 100vw, 685px\" \/><\/figure>\n\n\n\n<p class=\"wp-block-paragraph\"><\/p>","protected":false},"excerpt":{"rendered":"<p>Reitti Reitti on yksi lenkki p\u00e4iv\u00e4ll\u00e4 (klo 7:00-19:00) ja y\u00f6ll\u00e4 (19:00-7:00). Reitit alkavat ja loppuvat samalla tavalla mutta keskiosa on y\u00f6ll\u00e4 asvalttia polun sijaan. Reitin pituus on 6,706 km. L\u00e4ht\u00f6alue L\u00e4ht\u00f6alue pysyy samana koko kilpailun ajan. Kaikkien on oltava l\u00e4ht\u00f6alueella l\u00e4ht\u00f6hetkell\u00e4, kun l\u00e4ht\u00f6kello soi. L\u00e4ht\u00f6 Jokainen kierros alkaa tunnin v\u00e4lein. L\u00e4ht\u00f6ilmoitus annetaan 3, 2 ja &hellip; <a href=\"https:\/\/nububackyardultra.com\/en\/kilpailun-saannot-10-7-2023\/\" class=\"more-link\">Continue reading <span class=\"screen-reader-text\">Competition rules<\/span><\/a><\/p>","protected":false},"author":158649958,"featured_media":0,"parent":0,"menu_order":0,"comment_status":"closed","ping_status":"closed","template":"","meta":{"_crdt_document":"","advanced_seo_description":"","jetpack_seo_html_title":"","jetpack_seo_noindex":false,"jetpack_post_was_ever_published":false,"footnotes":"","big_sky_generated":false},"class_list":["post-1217","page","type-page","status-publish","hentry"],"jetpack_likes_enabled":true,"jetpack_sharing_enabled":true,"jetpack_shortlink":"https:\/\/wp.me\/Pdzy2r-jD","jetpack-related-posts":[{"id":12,"url":"https:\/\/nububackyardultra.com\/en\/reitti\/","url_meta":{"origin":1217,"position":0},"title":"Route","author":"NUBU\u00ae","date":"6.12.2021","format":false,"excerpt":"P\u00e4iv\u00e4reitti (klo 7:00- 19:00) kulkee Nummelanharjun poluilla vaihdellen pikkupoluista leve\u00e4mpiin hiekkateihin. P\u00e4\u00e4osin menn\u00e4\u00e4n selkeit\u00e4 mets\u00e4polkuja.Tuulisella s\u00e4\u00e4ll\u00e4 reitti on aika avonainen. Noususumma reitill\u00e4 on 40m. Reitti on merkitty Nummela Backyard nauhoilla. Reitill\u00e4 on yksi tienylitys ja kisakeskuksen alueella on muitakin liikkujia. Y\u00f6reitti (19:00- 7:00) alkaa ja p\u00e4\u00e4ttyy samalla reitill\u00e4 kuin p\u00e4iv\u00e4reitti.\u2026","rel":"","context":"Similar post","block_context":{"text":"Similar post","link":""},"img":{"alt_text":"","src":"","width":0,"height":0},"classes":[]},{"id":1132,"url":"https:\/\/nububackyardultra.com\/en\/tonttu-backyard\/","url_meta":{"origin":1217,"position":1},"title":"Tonttu Backyard - Xmas running event (29.11.2026)","author":"NUBU\u00ae","date":"12.5.2023","format":false,"excerpt":"J\u00e4rjest\u00e4mme leikkimielisen kilpailun sunnuntaina 29.11.2026 klo 10:00 Vihdin kirkonkyl\u00e4ll\u00e4. Ilmoittautuminen tapahtumaan alkaa elokuussa. Juoksemme 670m (nousua 36m\/kierros) reitti\u00e4 niin ett\u00e4 juoksijalla on max 6min aikaa juosta se l\u00e4pi. Reitti on m\u00e4kist\u00e4 hiekkatiet\u00e4 ja polkua. Ylimenev\u00e4n ajan saa juoda l\u00e4mmint\u00e4 gl\u00f6gi\u00e4. Jos et ehdi reitti\u00e4 en\u00e4\u00e4 6min aikana niin juoksusi p\u00e4\u00e4ttyy\u2026","rel":"","context":"Similar post","block_context":{"text":"Similar post","link":""},"img":{"alt_text":"","src":"https:\/\/i0.wp.com\/nububackyardultra.com\/wp-content\/uploads\/2025\/11\/untitled-design.jpg?resize=350%2C200&ssl=1","width":350,"height":200,"srcset":"https:\/\/i0.wp.com\/nububackyardultra.com\/wp-content\/uploads\/2025\/11\/untitled-design.jpg?resize=350%2C200&ssl=1 1x, https:\/\/i0.wp.com\/nububackyardultra.com\/wp-content\/uploads\/2025\/11\/untitled-design.jpg?resize=525%2C300&ssl=1 1.5x, https:\/\/i0.wp.com\/nububackyardultra.com\/wp-content\/uploads\/2025\/11\/untitled-design.jpg?resize=700%2C400&ssl=1 2x"},"classes":[]},{"id":3961,"url":"https:\/\/nububackyardultra.com\/en\/nummela-frontyard-ultra-29-8-2026\/","url_meta":{"origin":1217,"position":2},"title":"Frontyard Ultra (29.8.2026)","author":"NUBU\u00ae","date":"20.11.2025","format":false,"excerpt":"Suomessa j\u00e4rjestet\u00e4\u00e4n ensimm\u00e4ist\u00e4 kertaa uusi kisa konsepti Frontyard Ultra Nummelanharjun maastossa. Juoksu alkaa 29.8.2026 klo 10:00 ja p\u00e4\u00e4ttyy kun viimeinen juoksija on j\u00e4ljell\u00e4. Ilmoittaudu mukaan! S\u00e4\u00e4nn\u00f6t Juoksijan tulee juosta m\u00e4\u00e4r\u00e4ajassa 3 km lenkki, jonka l\u00e4ht\u00f6 ja maali ovat samassa paikassa. Kaikki juoksijat starttaavat yht\u00e4 aikaa. L\u00e4hd\u00f6n hetkell\u00e4 juoksijan tulee olla\u2026","rel":"","context":"Similar post","block_context":{"text":"Similar post","link":""},"img":{"alt_text":"","src":"","width":0,"height":0},"classes":[]},{"id":994,"url":"https:\/\/nububackyardultra.com\/en\/nummela-backyard-10h-20-4-2024\/","url_meta":{"origin":1217,"position":3},"title":"NUBU10 and mini (14.5.2026)","author":"NUBU\u00ae","date":"24.4.2023","format":false,"excerpt":"NUBU10 juostaan seuraavan kerran helatorstaina 14.5.2026 klo 10-20 Nuuksiossa Polku Hotellilla. Ilmoittautuminen tapahtumaan on auki. Tervetuloa testaamaan reitti yhteislenkille su 19.4.2026 klo 10:00 (Kurjolammentie 70, 03220 Vihti.) Tapahtumassa juostaan backyard ultran s\u00e4\u00e4nn\u00f6ill\u00e4, mutta tapahtuma on rajattu p\u00e4\u00e4ttym\u00e4\u00e4n 10 kierroksen j\u00e4lkeen. Juoksemme tunnin aikarajalla 6,7km kierroksia niin kauan kuin voimia riitt\u00e4\u00e4\u2026","rel":"","context":"Similar post","block_context":{"text":"Similar post","link":""},"img":{"alt_text":"","src":"https:\/\/i0.wp.com\/nububackyardultra.com\/wp-content\/uploads\/2025\/05\/img_2811-2-1.jpg?resize=350%2C200&ssl=1","width":350,"height":200,"srcset":"https:\/\/i0.wp.com\/nububackyardultra.com\/wp-content\/uploads\/2025\/05\/img_2811-2-1.jpg?resize=350%2C200&ssl=1 1x, https:\/\/i0.wp.com\/nububackyardultra.com\/wp-content\/uploads\/2025\/05\/img_2811-2-1.jpg?resize=525%2C300&ssl=1 1.5x, https:\/\/i0.wp.com\/nububackyardultra.com\/wp-content\/uploads\/2025\/05\/img_2811-2-1.jpg?resize=700%2C400&ssl=1 2x, https:\/\/i0.wp.com\/nububackyardultra.com\/wp-content\/uploads\/2025\/05\/img_2811-2-1.jpg?resize=1050%2C600&ssl=1 3x"},"classes":[]},{"id":3698,"url":"https:\/\/nububackyardultra.com\/en\/vihti-rataultra-6h-ja-12h-25-7-2026\/","url_meta":{"origin":1217,"position":4},"title":"Vihti Track Ultra 6-hour and 12-hour (25.7.2026)","author":"NUBU\u00ae","date":"15.10.2025","format":false,"excerpt":"https:\/\/videopress.com\/v\/AUYMswsZ?resizeToParent=true&cover=true&preloadContent=metadata&useAverageColor=true Ilmoittaudu mukaan! Kisatoimisto Kisatoimisto sijaitsee Vihdin kirkonkyl\u00e4n urheilukent\u00e4n vieress\u00e4. Nietoinkuja, 03400 Vihti Kisatoimisto on auki: La klo 8:00 alkaen Matkat, sarjat ja rata 6h kokonaiskilpailu miehet ja naiset 12h kokonaiskilpailu miehet ja naiset Osallistujam\u00e4\u00e4r\u00e4 on rajoitettu 50:n juoksijaan. Juoksusuuntaa vaihdetaan noin 3 tunnin v\u00e4lein. Radan pituus on 400m ja\u2026","rel":"","context":"Similar post","block_context":{"text":"Similar post","link":""},"img":{"alt_text":"","src":"","width":0,"height":0},"classes":[]},{"id":4219,"url":"https:\/\/nububackyardultra.com\/en\/frontyard-ultra-29-8\/","url_meta":{"origin":1217,"position":5},"title":"Frontyard Ultra 29.8.","author":"NUBU\u00ae","date":"30.12.2025","format":false,"excerpt":"Kilpailup\u00e4iv\u00e4n aikataulu ja kilpailualueen kartta klo 9:00 Kilpailutoimisto (Hiidenvedentie 4, 03100 Nummela) aukeaa ja voit hakea ajanottochipin sek\u00e4 numerolapun itsellesi. Voit j\u00e4tt\u00e4\u00e4 varusteesi valvottuun s\u00e4ilytykseen kilpailun ajaksi. Tule ajoissa koska l\u00e4ht\u00f6 on tasan klo 10:00! Voit k\u00e4ytt\u00e4\u00e4 Vihdin uimahallin tai Tarmonmajan parkkipaikkaa, molemmat l\u00f6ytyv\u00e4t Hiidenvedentien varrelta. klo 10:00 Ensimm\u00e4inen l\u00e4ht\u00f6\u2026","rel":"","context":"Similar post","block_context":{"text":"Similar post","link":""},"img":{"alt_text":"","src":"https:\/\/i0.wp.com\/nububackyardultra.com\/wp-content\/uploads\/2025\/12\/img_4979.jpg?resize=350%2C200&ssl=1","width":350,"height":200,"srcset":"https:\/\/i0.wp.com\/nububackyardultra.com\/wp-content\/uploads\/2025\/12\/img_4979.jpg?resize=350%2C200&ssl=1 1x, https:\/\/i0.wp.com\/nububackyardultra.com\/wp-content\/uploads\/2025\/12\/img_4979.jpg?resize=525%2C300&ssl=1 1.5x, https:\/\/i0.wp.com\/nububackyardultra.com\/wp-content\/uploads\/2025\/12\/img_4979.jpg?resize=700%2C400&ssl=1 2x, https:\/\/i0.wp.com\/nububackyardultra.com\/wp-content\/uploads\/2025\/12\/img_4979.jpg?resize=1050%2C600&ssl=1 3x"},"classes":[]}],"_links":{"self":[{"href":"https:\/\/nububackyardultra.com\/en\/wp-json\/wp\/v2\/pages\/1217","targetHints":{"allow":["GET"]}}],"collection":[{"href":"https:\/\/nububackyardultra.com\/en\/wp-json\/wp\/v2\/pages"}],"about":[{"href":"https:\/\/nububackyardultra.com\/en\/wp-json\/wp\/v2\/types\/page"}],"author":[{"embeddable":true,"href":"https:\/\/nububackyardultra.com\/en\/wp-json\/wp\/v2\/users\/158649958"}],"replies":[{"embeddable":true,"href":"https:\/\/nububackyardultra.com\/en\/wp-json\/wp\/v2\/comments?post=1217"}],"version-history":[{"count":32,"href":"https:\/\/nububackyardultra.com\/en\/wp-json\/wp\/v2\/pages\/1217\/revisions"}],"predecessor-version":[{"id":4088,"href":"https:\/\/nububackyardultra.com\/en\/wp-json\/wp\/v2\/pages\/1217\/revisions\/4088"}],"wp:attachment":[{"href":"https:\/\/nububackyardultra.com\/en\/wp-json\/wp\/v2\/media?parent=1217"}],"curies":[{"name":"wp","href":"https:\/\/api.w.org\/{rel}","templated":true}]}}