{"id":1231,"date":"2023-07-12T14:18:19","date_gmt":"2023-07-12T11:18:19","guid":{"rendered":"https:\/\/nububackyardultra.com\/?page_id=1231"},"modified":"2026-03-31T13:48:58","modified_gmt":"2026-03-31T10:48:58","slug":"kilpailuinfo","status":"publish","type":"page","link":"https:\/\/nububackyardultra.com\/en\/kilpailuinfo\/","title":{"rendered":"Competition info"},"content":{"rendered":"<p class=\"wp-block-paragraph\">Below you will find the competition info and rules. We will keep updating this information as we get closer to the competition. Closer to the competition, a dedicated WA group will be set up for questions from those who have registered.<\/p>\n\n\n\n<div class=\"wp-block-buttons is-layout-flex wp-block-buttons-is-layout-flex\">\n<div class=\"wp-block-button\"><a class=\"wp-block-button__link has-luminous-vivid-orange-background-color has-background wp-element-button\" href=\"https:\/\/www.canva.com\/design\/DAFoaXW51uk\/WF3fmUJvs9eldKQj0xftBg\/edit?utm_content=DAFoaXW51uk&amp;utm_campaign=designshare&amp;utm_medium=link2&amp;utm_source=sharebutton\">Competition information 2026<\/a><\/div>\n\n\n\n<div class=\"wp-block-button\"><a class=\"wp-block-button__link has-luminous-vivid-orange-background-color has-background wp-element-button\" href=\"https:\/\/nububackyardultra.com\/en\/kilpailun-saannot-10-7-2023\/\">Competition rules<\/a><\/div>\n<\/div>\n\n\n\n<p class=\"wp-block-paragraph\"><\/p>","protected":false},"excerpt":{"rendered":"<p>Below you will find the competition info and rules. We will keep updating this information as we get closer to the competition. Closer to the competition, a dedicated WA group will be set up for questions from those who have registered.<\/p>","protected":false},"author":158649958,"featured_media":0,"parent":0,"menu_order":0,"comment_status":"closed","ping_status":"closed","template":"","meta":{"_crdt_document":"{\"document\":\"AAAG2\/7p3h9ANggatCEBAw4CAQIKAkIASgC+BAECCkoOAgECCgEBCEgASgA8AQIKAQEISABKzAGIAgECCgEASgBTKAMnAAQAJwAEACcAKAQnACgFJwAHACgDJwEEACgBJwCHACgDJwAoACcABwAoAycAKAInAAQAKAEnAIcAKAMnACgCJwAEACgBJwCHACgDJwEoASeREbYQc3RhdGV2ZXJzaW9uZG9jdW1lbnRkYXRlZG9jdW1lbnRzbHVnZG9jdW1lbnRzdGF0dXNkb2N1bWVudHRpdGxlS2lscGFpbHVpbmZvZG9jdW1lbnRjb250ZW50PCEtLSB3cDpwYXJhZ3JhcGggLS0+CjxwPkFsbGEga2lscGFpbHVpbmZvIGphIHPDpMOkbm7DtnQuIFDDpGl2aXTDpG1tZSBpbmZvYSBrb2tvYWphbiBrb2h0aSBraWxwYWlsdWEuIEzDpGhlbXDDpG7DpCBraWxwYWlsdWEgaWxtb2l0dGF1dHVuZWlsbGUgcGVydXN0ZXRhYW4ga3lzeW15a3NpbGxlIG9tYSBXQS1yeWhtw6QuPC9wPgo8IS0tIC93cDpwYXJhZ3JhcGggLS0+Cgo8IS0tIHdwOmJ1dHRvbnMgLS0+CjxkaXYgY2xhc3M9IndwLWJsb2NrLWJ1dHRvbnMiPjwhLS0gd3A6YnV0dG9uIHsiYmFja2dyb3VuZENvbG9yIjoibHVtaW5vdXMtdml2aWQtb3JhbmdlIn0gLS0+CjxkaXYgY2xhc3M9IndwLWJsb2NrLWJ1dHRvbiI+PGEgY2xhc3M9IndwLWJsb2NrLWJ1dHRvbl9fbGluayBoYXMtbHVtaW5vdXMtdml2aWQtb3JhbmdlLWJhY2tncm91bmQtY29sb3IgaGFzLWJhY2tncm91bmQgd3AtZWxlbWVudC1idXR0b24iIGhyZWY9Imh0dHBzOi8vd3d3LmNhbnZhLmNvbS9kZXNpZ24vREFGb2FYVzUxdWsvV0YzZm1VSnZzOWVsZEtRajB4ZnRCZy9lZGl0P3V0bV9jb250ZW50PURBRm9hWFc1MXVrJmFtcDt1dG1fY2FtcGFpZ249ZGVzaWduc2hhcmUmYW1wO3V0bV9tZWRpdW09bGluazImYW1wO3V0bV9zb3VyY2U9c2hhcmVidXR0b24iPktpbHBhaWx1aW5mbyAyMDI2PC9hPjwvZGl2Pgo8IS0tIC93cDpidXR0b24gLS0+Cgo8IS0tIHdwOmJ1dHRvbiB7ImJhY2tncm91bmRDb2xvciI6Imx1bWlub3VzLXZpdmlkLW9yYW5nZSJ9IC0tPgo8ZGl2IGNsYXNzPSJ3cC1ibG9jay1idXR0b24iPjxhIGNsYXNzPSJ3cC1ibG9jay1idXR0b25fX2xpbmsgaGFzLWx1bWlub3VzLXZpdmlkLW9yYW5nZS1iYWNrZ3JvdW5kLWNvbG9yIGhhcy1iYWNrZ3JvdW5kIHdwLWVsZW1lbnQtYnV0dG9uIiBocmVmPSJodHRwczovL251YnViYWNreWFyZHVsdHJhLmNvbS9raWxwYWlsdW4tc2Fhbm5vdC0xMC03LTIwMjMvIj5LaWxwYWlsdW4gc8Okw6RubsO2dDwvYT48L2Rpdj4KPCEtLSAvd3A6YnV0dG9uIC0tPjwvZGl2Pgo8IS0tIC93cDpidXR0b25zIC0tPgoKPCEtLSB3cDpwYXJhZ3JhcGggLS0+CjxwPjwvcD4KPCEtLSAvd3A6cGFyYWdyYXBoIC0tPmRvY3VtZW50ZXhjZXJwdGRvY3VtZW50YXV0aG9yZG9jdW1lbnRmZWF0dXJlZF9tZWRpYWRvY3VtZW50Y29tbWVudF9zdGF0dXNkb2N1bWVudHBpbmdfc3RhdHVzZG9jdW1lbnR0ZW1wbGF0ZWRvY3VtZW50bWV0YWFkdmFuY2VkX3Nlb19kZXNjcmlwdGlvbmpldHBhY2tfc2VvX2h0bWxfdGl0bGVqZXRwYWNrX3Nlb19ub2luZGV4amV0cGFja19wb3N0X3dhc19ldmVyX3B1Ymxpc2hlZGZvb3Rub3Rlc2JpZ19za3lfZ2VuZXJhdGVkZG9jdW1lbnRibG9ja3NjbGllbnRJZGlzVmFsaWRvcmlnaW5hbENvbnRlbnRuYW1lYXR0cmlidXRlc2NvbnRlbnRBbGxhIGtpbHBhaWx1aW5mbyBqYSBzw6TDpG5uw7Z0LiBQw6Rpdml0w6RtbWUgaW5mb2Ega29rb2FqYW4ga29odGkga2lscGFpbHVhLiBMw6RoZW1ww6Ruw6Qga2lscGFpbHVhIGlsbW9pdHRhdXR1bmVpbGxlIHBlcnVzdGV0YWFuIGt5c3lteWtzaWxsZSBvbWEgV0EtcnlobcOkLmRyb3BDYXBUcnBDb250ZW50UmVzdHJpY3Rpb25pbm5lckJsb2Nrc2NsaWVudElkaXNWYWxpZG9yaWdpbmFsQ29udGVudG5hbWVhdHRyaWJ1dGVzVHJwQ29udGVudFJlc3RyaWN0aW9uaW5uZXJCbG9ja3NjbGllbnRJZGlzVmFsaWRvcmlnaW5hbENvbnRlbnRuYW1lYXR0cmlidXRlc3RhZ05hbWV0eXBldXJsdGV4dEtpbHBhaWx1aW5mbyAyMDI2YmFja2dyb3VuZENvbG9yVHJwQ29udGVudFJlc3RyaWN0aW9uaW5uZXJCbG9ja3NjbGllbnRJZGlzVmFsaWRvcmlnaW5hbENvbnRlbnRuYW1lYXR0cmlidXRlc3RhZ05hbWV0eXBldXJsdGV4dEtpbHBhaWx1biBzw6TDpG5uw7Z0YmFja2dyb3VuZENvbG9yVHJwQ29udGVudFJlc3RyaWN0aW9uaW5uZXJCbG9ja3NjbGllbnRJZGlzVmFsaWRvcmlnaW5hbENvbnRlbnRuYW1lYXR0cmlidXRlc2NvbnRlbnRkcm9wQ2FwVHJwQ29udGVudFJlc3RyaWN0aW9uaW5uZXJCbG9ja3MFBwgECAQIBggFDAgHsxAIBwgGCA4IDggLSAEEGBYTHwkRCAYIBw8ECgeVAgcVCwgHDwQKFQsIBw8ECgcEAwQRDxULCAcPBAoHBAMEEQ8VCwgHDwQKRwAVCw8BBAAAAQAAAAEGAAUBAAAXQgEBAEEAAgBBAABBAAIAQQACAEEAAgACQTABTwB9AXcTMjAyMy0wNy0xMlQxNDoxODoxOXcMa2lscGFpbHVpbmZvdwdwdWJsaXNofaa5ppcBfQB3BmNsb3NlZHcGY2xvc2VkdwB3AHcAeXl3AHl3JGM2NzQ4MWQzLTMxMmEtNDM5OC1iZTY4LWJkYzE3ODFlZWVjNXh3pQE8cD5BbGxhIGtpbHBhaWx1aW5mbyBqYSBzw6TDpG5uw7Z0LiBQw6Rpdml0w6RtbWUgaW5mb2Ega29rb2FqYW4ga29odGkga2lscGFpbHVhLiBMw6RoZW1ww6Ruw6Qga2lscGFpbHVhIGlsbW9pdHRhdXR1bmVpbGxlIHBlcnVzdGV0YWFuIGt5c3lteWtzaWxsZSBvbWEgV0EtcnlobcOkLjwvcD53DmNvcmUvcGFyYWdyYXBoeXYDEHJlc3RyaWN0aW9uX3R5cGV3B2V4Y2x1ZGUSc2VsZWN0ZWRfbGFuZ3VhZ2VzdQAKcGFuZWxfb3Blbnh3JDEwNzU1ZTM2LTZkNmItNDJmNy1iMDIwLTBhMDdmYjUzN2Q5Ynh3JjxkaXYgY2xhc3M9IndwLWJsb2NrLWJ1dHRvbnMiPgoKPC9kaXY+dwxjb3JlL2J1dHRvbnN2AxByZXN0cmljdGlvbl90eXBldwdleGNsdWRlEnNlbGVjdGVkX2xhbmd1YWdlc3UACnBhbmVsX29wZW54dyRjOTNjZGM4NS1kNTg4LTRiODUtODc1NC0wY2RjMWE5ZGZhMWF4d9YCPGRpdiBjbGFzcz0id3AtYmxvY2stYnV0dG9uIj48YSBjbGFzcz0id3AtYmxvY2stYnV0dG9uX19saW5rIGhhcy1sdW1pbm91cy12aXZpZC1vcmFuZ2UtYmFja2dyb3VuZC1jb2xvciBoYXMtYmFja2dyb3VuZCB3cC1lbGVtZW50LWJ1dHRvbiIgaHJlZj0iaHR0cHM6Ly93d3cuY2FudmEuY29tL2Rlc2lnbi9EQUZvYVhXNTF1ay9XRjNmbVVKdnM5ZWxkS1FqMHhmdEJnL2VkaXQ\/dXRtX2NvbnRlbnQ9REFGb2FYVzUxdWsmYW1wO3V0bV9jYW1wYWlnbj1kZXNpZ25zaGFyZSZhbXA7dXRtX21lZGl1bT1saW5rMiZhbXA7dXRtX3NvdXJjZT1zaGFyZWJ1dHRvbiI+S2lscGFpbHVpbmZvIDIwMjY8L2E+PC9kaXY+dwtjb3JlL2J1dHRvbncBYXcGYnV0dG9ud50BaHR0cHM6Ly93d3cuY2FudmEuY29tL2Rlc2lnbi9EQUZvYVhXNTF1ay9XRjNmbVVKdnM5ZWxkS1FqMHhmdEJnL2VkaXQ\/dXRtX2NvbnRlbnQ9REFGb2FYVzUxdWsmdXRtX2NhbXBhaWduPWRlc2lnbnNoYXJlJnV0bV9tZWRpdW09bGluazImdXRtX3NvdXJjZT1zaGFyZWJ1dHRvbncVbHVtaW5vdXMtdml2aWQtb3JhbmdldgMQcmVzdHJpY3Rpb25fdHlwZXcHZXhjbHVkZRJzZWxlY3RlZF9sYW5ndWFnZXN1AApwYW5lbF9vcGVueHckMjU3NzEyMDEtZjU2OS00ZDAxLWExMjUtZWQ3MWMxMjE2M2M5eHfqATxkaXYgY2xhc3M9IndwLWJsb2NrLWJ1dHRvbiI+PGEgY2xhc3M9IndwLWJsb2NrLWJ1dHRvbl9fbGluayBoYXMtbHVtaW5vdXMtdml2aWQtb3JhbmdlLWJhY2tncm91bmQtY29sb3IgaGFzLWJhY2tncm91bmQgd3AtZWxlbWVudC1idXR0b24iIGhyZWY9Imh0dHBzOi8vbnVidWJhY2t5YXJkdWx0cmEuY29tL2tpbHBhaWx1bi1zYWFubm90LTEwLTctMjAyMy8iPktpbHBhaWx1biBzw6TDpG5uw7Z0PC9hPjwvZGl2PncLY29yZS9idXR0b253AWF3BmJ1dHRvbnc6aHR0cHM6Ly9udWJ1YmFja3lhcmR1bHRyYS5jb20va2lscGFpbHVuLXNhYW5ub3QtMTAtNy0yMDIzL3cVbHVtaW5vdXMtdml2aWQtb3JhbmdldgMQcmVzdHJpY3Rpb25fdHlwZXcHZXhjbHVkZRJzZWxlY3RlZF9sYW5ndWFnZXN1AApwYW5lbF9vcGVueHckNzUwOGMzNTMtOWI4Mi00ODFmLWFiZTMtYmIyYzAwMTY1MjE1eHcHPHA+PC9wPncOY29yZS9wYXJhZ3JhcGh5dgMQcmVzdHJpY3Rpb25fdHlwZXcHZXhjbHVkZRJzZWxlY3RlZF9sYW5ndWFnZXN1AApwYW5lbF9vcGVueAA=\",\"updateId\":947157628}","advanced_seo_description":"","jetpack_seo_html_title":"","jetpack_seo_noindex":false,"footnotes":"","big_sky_generated":false},"class_list":["post-1231","page","type-page","status-publish","hentry"],"jetpack_likes_enabled":true,"jetpack_sharing_enabled":true,"jetpack_shortlink":"https:\/\/wp.me\/Pdzy2r-jR","jetpack-related-posts":[{"id":1217,"url":"https:\/\/nububackyardultra.com\/en\/kilpailun-saannot-10-7-2023\/","url_meta":{"origin":1231,"position":0},"title":"Competition rules","author":"NUBU\u00ae","date":"10.7.2023","format":false,"excerpt":"Route The route is one run during the day (7:00-19:00) and at night (19:00-7:00). The routes start and end in the same way but the middle part is asphalt at night instead of a path. The length of the route is 6.706 km. Starting area The starting area remains the same throughout the race. Everyone must be at the start area at the start bell. Start Each lap starts every hour....","rel":"","context":"Similar post","block_context":{"text":"Similar post","link":""},"img":{"alt_text":"","src":"https:\/\/i0.wp.com\/nububackyardultra.com\/wp-content\/uploads\/2024\/03\/78838676-abe5-4afc-a018-d84e5e686717-1.jpg?resize=350%2C200&ssl=1","width":350,"height":200,"srcset":"https:\/\/i0.wp.com\/nububackyardultra.com\/wp-content\/uploads\/2024\/03\/78838676-abe5-4afc-a018-d84e5e686717-1.jpg?resize=350%2C200&ssl=1 1x, https:\/\/i0.wp.com\/nububackyardultra.com\/wp-content\/uploads\/2024\/03\/78838676-abe5-4afc-a018-d84e5e686717-1.jpg?resize=525%2C300&ssl=1 1.5x, https:\/\/i0.wp.com\/nububackyardultra.com\/wp-content\/uploads\/2024\/03\/78838676-abe5-4afc-a018-d84e5e686717-1.jpg?resize=700%2C400&ssl=1 2x, https:\/\/i0.wp.com\/nububackyardultra.com\/wp-content\/uploads\/2024\/03\/78838676-abe5-4afc-a018-d84e5e686717-1.jpg?resize=1050%2C600&ssl=1 3x, https:\/\/i0.wp.com\/nububackyardultra.com\/wp-content\/uploads\/2024\/03\/78838676-abe5-4afc-a018-d84e5e686717-1.jpg?resize=1400%2C800&ssl=1 4x"},"classes":[]},{"id":3824,"url":"https:\/\/nububackyardultra.com\/en\/nummela-backyard-ultra-2026\/","url_meta":{"origin":1231,"position":1},"title":"Nummela Backyard Ultra (10.10.2026)","author":"NUBU\u00ae","date":"19.10.2025","format":false,"excerpt":"Nummela Backyard Ultra juostaan seuraavan kerran lauantaina 10.10.2026 klo 10:00 alkaen Nummelanharjun poluilla. T\u00e4m\u00e4 on viides Nummela Backyard Ultra kilpailu. Tapahtuma on kasvanut maltillisesti joka vuosi ja nyt otamme 35 juoksijaa sis\u00e4paikoille Tarmonmajaan ja 55 juoksijaa ulkopaikoille (omat teltat ja matkailuautot). Sis\u00e4paikat on myyty loppuun! Voit ilmoittautua jonoon info@nubu.fi. Tapahtuma\u2026","rel":"","context":"Similar post","block_context":{"text":"Similar post","link":""},"img":{"alt_text":"","src":"https:\/\/i0.wp.com\/nububackyardultra.com\/wp-content\/uploads\/2025\/10\/untitled-design.png?resize=350%2C200&ssl=1","width":350,"height":200,"srcset":"https:\/\/i0.wp.com\/nububackyardultra.com\/wp-content\/uploads\/2025\/10\/untitled-design.png?resize=350%2C200&ssl=1 1x, https:\/\/i0.wp.com\/nububackyardultra.com\/wp-content\/uploads\/2025\/10\/untitled-design.png?resize=525%2C300&ssl=1 1.5x, https:\/\/i0.wp.com\/nububackyardultra.com\/wp-content\/uploads\/2025\/10\/untitled-design.png?resize=700%2C400&ssl=1 2x, https:\/\/i0.wp.com\/nububackyardultra.com\/wp-content\/uploads\/2025\/10\/untitled-design.png?resize=1050%2C600&ssl=1 3x, https:\/\/i0.wp.com\/nububackyardultra.com\/wp-content\/uploads\/2025\/10\/untitled-design.png?resize=1400%2C800&ssl=1 4x"},"classes":[]},{"id":3961,"url":"https:\/\/nububackyardultra.com\/en\/nummela-frontyard-ultra-29-8-2026\/","url_meta":{"origin":1231,"position":2},"title":"Frontyard Ultra (29.8.2026)","author":"NUBU\u00ae","date":"20.11.2025","format":false,"excerpt":"Suomessa j\u00e4rjestet\u00e4\u00e4n ensimm\u00e4ist\u00e4 kertaa uusi kisa konsepti Frontyard Ultra Nummelanharjun maastossa. Juoksu alkaa 29.8.2026 klo 10:00 ja p\u00e4\u00e4ttyy kun viimeinen juoksija on j\u00e4ljell\u00e4. Ilmoittaudu mukaan! S\u00e4\u00e4nn\u00f6t Juoksijan tulee juosta m\u00e4\u00e4r\u00e4ajassa 3 km lenkki, jonka l\u00e4ht\u00f6 ja maali ovat samassa paikassa. Kaikki juoksijat starttaavat yht\u00e4 aikaa. L\u00e4hd\u00f6n hetkell\u00e4 juoksijan tulee olla\u2026","rel":"","context":"Similar post","block_context":{"text":"Similar post","link":""},"img":{"alt_text":"","src":"","width":0,"height":0},"classes":[]},{"id":994,"url":"https:\/\/nububackyardultra.com\/en\/nummela-backyard-10h-20-4-2024\/","url_meta":{"origin":1231,"position":3},"title":"NUBU10 and mini (14.5.2026)","author":"NUBU\u00ae","date":"24.4.2023","format":false,"excerpt":"NUBU10 juostaan seuraavan kerran helatorstaina 14.5.2026 klo 10-20 Nuuksiossa Polku Hotellilla. Ilmoittautuminen tapahtumaan on auki. Tervetuloa testaamaan reitti yhteislenkille su 19.4.2026 klo 10:00 (Kurjolammentie 70, 03220 Vihti.) Tapahtumassa juostaan backyard ultran s\u00e4\u00e4nn\u00f6ill\u00e4, mutta tapahtuma on rajattu p\u00e4\u00e4ttym\u00e4\u00e4n 10 kierroksen j\u00e4lkeen. Juoksemme tunnin aikarajalla 6,7km kierroksia niin kauan kuin voimia riitt\u00e4\u00e4\u2026","rel":"","context":"Similar post","block_context":{"text":"Similar post","link":""},"img":{"alt_text":"","src":"https:\/\/i0.wp.com\/nububackyardultra.com\/wp-content\/uploads\/2025\/05\/img_2811-2-1.jpg?resize=350%2C200&ssl=1","width":350,"height":200,"srcset":"https:\/\/i0.wp.com\/nububackyardultra.com\/wp-content\/uploads\/2025\/05\/img_2811-2-1.jpg?resize=350%2C200&ssl=1 1x, https:\/\/i0.wp.com\/nububackyardultra.com\/wp-content\/uploads\/2025\/05\/img_2811-2-1.jpg?resize=525%2C300&ssl=1 1.5x, https:\/\/i0.wp.com\/nububackyardultra.com\/wp-content\/uploads\/2025\/05\/img_2811-2-1.jpg?resize=700%2C400&ssl=1 2x, https:\/\/i0.wp.com\/nububackyardultra.com\/wp-content\/uploads\/2025\/05\/img_2811-2-1.jpg?resize=1050%2C600&ssl=1 3x"},"classes":[]},{"id":2606,"url":"https:\/\/nububackyardultra.com\/en\/vanhoja-tapahtumia-2\/","url_meta":{"origin":1231,"position":4},"title":"Old events (2021-24)","author":"NUBU\u00ae","date":"24.9.2024","format":false,"excerpt":"NUBU10 j\u00e4rjestettiin ensimm\u00e4ist\u00e4 kertaa 20.4.2024 klo 10:00-20:00. Kilpailussa juostiin takatalven s\u00e4\u00e4ss\u00e4 lumisateessa, mutta iloisin mielin mukavalla porukalla. Viimeisen kierroksen kirikilpailun vei Jani Reima. https:\/\/youtu.be\/s82IqrWl9ok?si=h-aKTWPkCDxcHsmG Jyri Kivim\u00e4en video Nubu10 GPS-seuranta Tulokset 2024 Lauantaina 20.4.2024 j\u00e4rjestettiin lasten backyard-tapahtuma. Kisassa oli 3,2km reitti jota oli aikaa menn\u00e4 tunti. Kilpailussa juoksi 5 lasta loppuun\u2026","rel":"","context":"Similar post","block_context":{"text":"Similar post","link":""},"img":{"alt_text":"","src":"https:\/\/i0.wp.com\/nububackyardultra.com\/wp-content\/uploads\/2024\/04\/img_0337-1.jpg?resize=350%2C200&ssl=1","width":350,"height":200,"srcset":"https:\/\/i0.wp.com\/nububackyardultra.com\/wp-content\/uploads\/2024\/04\/img_0337-1.jpg?resize=350%2C200&ssl=1 1x, https:\/\/i0.wp.com\/nububackyardultra.com\/wp-content\/uploads\/2024\/04\/img_0337-1.jpg?resize=525%2C300&ssl=1 1.5x, https:\/\/i0.wp.com\/nububackyardultra.com\/wp-content\/uploads\/2024\/04\/img_0337-1.jpg?resize=700%2C400&ssl=1 2x, https:\/\/i0.wp.com\/nububackyardultra.com\/wp-content\/uploads\/2024\/04\/img_0337-1.jpg?resize=1050%2C600&ssl=1 3x, https:\/\/i0.wp.com\/nububackyardultra.com\/wp-content\/uploads\/2024\/04\/img_0337-1.jpg?resize=1400%2C800&ssl=1 4x"},"classes":[]},{"id":98,"url":"https:\/\/nububackyardultra.com\/en\/big-dogs-backyard-ultra-world-championships-satellite-race-finland\/","url_meta":{"origin":1231,"position":5},"title":"Backyard Ultra World Championship Satellite Race Finland 2022","author":"NUBU\u00ae","date":"7.12.2021","format":false,"excerpt":"Vihdin Nummelassa juostiin 15- 17.10.2022 Backyard Ultran joukkue maailmanmestaruuskilpailu johon oli kutsuttu 15 juoksijaa edustamaan Suomea. Kilpailu keskeytettiin kierroksella 33 myrskyn takia. J\u00e4rjestimme Vihdiss\u00e4 21-22.4.2023 uusinnan kolmelle juoksijalle ja voittajaksi selviytyi Visa Kivinen. Polkuporinat jakso kilpailusta Runoff 21.4.2023 KILPAILUINFO TULOKSET 15.10.2022 GPS seuranta LEADERBOARD Juoksijaesittelyt Jarmo Koskelan kuvat Suomen joukkue\u2026","rel":"","context":"Similar post","block_context":{"text":"Similar post","link":""},"img":{"alt_text":"","src":"https:\/\/i0.wp.com\/nububackyardultra.com\/wp-content\/uploads\/2022\/10\/img_1651.jpg?resize=350%2C200&ssl=1","width":350,"height":200,"srcset":"https:\/\/i0.wp.com\/nububackyardultra.com\/wp-content\/uploads\/2022\/10\/img_1651.jpg?resize=350%2C200&ssl=1 1x, https:\/\/i0.wp.com\/nububackyardultra.com\/wp-content\/uploads\/2022\/10\/img_1651.jpg?resize=525%2C300&ssl=1 1.5x, https:\/\/i0.wp.com\/nububackyardultra.com\/wp-content\/uploads\/2022\/10\/img_1651.jpg?resize=700%2C400&ssl=1 2x, https:\/\/i0.wp.com\/nububackyardultra.com\/wp-content\/uploads\/2022\/10\/img_1651.jpg?resize=1050%2C600&ssl=1 3x"},"classes":[]}],"_links":{"self":[{"href":"https:\/\/nububackyardultra.com\/en\/wp-json\/wp\/v2\/pages\/1231","targetHints":{"allow":["GET"]}}],"collection":[{"href":"https:\/\/nububackyardultra.com\/en\/wp-json\/wp\/v2\/pages"}],"about":[{"href":"https:\/\/nububackyardultra.com\/en\/wp-json\/wp\/v2\/types\/page"}],"author":[{"embeddable":true,"href":"https:\/\/nububackyardultra.com\/en\/wp-json\/wp\/v2\/users\/158649958"}],"replies":[{"embeddable":true,"href":"https:\/\/nububackyardultra.com\/en\/wp-json\/wp\/v2\/comments?post=1231"}],"version-history":[{"count":70,"href":"https:\/\/nububackyardultra.com\/en\/wp-json\/wp\/v2\/pages\/1231\/revisions"}],"predecessor-version":[{"id":4360,"href":"https:\/\/nububackyardultra.com\/en\/wp-json\/wp\/v2\/pages\/1231\/revisions\/4360"}],"wp:attachment":[{"href":"https:\/\/nububackyardultra.com\/en\/wp-json\/wp\/v2\/media?parent=1231"}],"curies":[{"name":"wp","href":"https:\/\/api.w.org\/{rel}","templated":true}]}}