{"id":2251,"date":"2024-07-08T11:28:20","date_gmt":"2024-07-08T08:28:20","guid":{"rendered":"https:\/\/nububackyardultra.com\/talkoolaiset\/"},"modified":"2025-12-05T22:40:12","modified_gmt":"2025-12-05T20:40:12","slug":"talkoolaiset","status":"publish","type":"page","link":"https:\/\/nububackyardultra.com\/en\/talkoolaiset\/","title":{"rendered":"Volunteers"},"content":{"rendered":"<p class=\"wp-block-paragraph\">Welcome to join us in organising our events. Without volunteers, these are not possible. As a volunteer you will receive a small gift, free food and entry to one of our next events for free.<\/p>\n\n\n\n<p class=\"wp-block-paragraph\">There is a wide range of tasks; traffic control, food and drink for the runners, photography, sometus, marking and unmarking the route. There is also the opportunity to learn how to manage timekeeping and gps tracking.<\/p>\n\n\n\n<p class=\"wp-block-paragraph\">Volunteers are insured against accidents.<\/p>\n\n\n\n<p class=\"wp-block-paragraph\">Contact us if you are interested in volunteering! <strong>info@nubu.fi<\/strong><\/p>\n\n\n\n<p class=\"wp-block-paragraph\"><\/p>\n\n\n\n<figure class=\"wp-block-image size-large\"><img data-recalc-dims=\"1\" loading=\"lazy\" decoding=\"async\" width=\"685\" height=\"458\" data-attachment-id=\"2250\" data-permalink=\"https:\/\/nububackyardultra.com\/en\/img_0887-1\/\" data-orig-file=\"https:\/\/i0.wp.com\/nububackyardultra.com\/wp-content\/uploads\/2024\/07\/img_0887-1.jpg?fit=1284%2C859&amp;ssl=1\" data-orig-size=\"1284,859\" data-comments-opened=\"0\" data-image-meta=\"{&quot;aperture&quot;:&quot;0&quot;,&quot;credit&quot;:&quot;&quot;,&quot;camera&quot;:&quot;&quot;,&quot;caption&quot;:&quot;&quot;,&quot;created_timestamp&quot;:&quot;0&quot;,&quot;copyright&quot;:&quot;&quot;,&quot;focal_length&quot;:&quot;0&quot;,&quot;iso&quot;:&quot;0&quot;,&quot;shutter_speed&quot;:&quot;0&quot;,&quot;title&quot;:&quot;&quot;,&quot;orientation&quot;:&quot;1&quot;}\" data-image-title=\"img_0887-1\" data-image-description=\"\" data-image-caption=\"\" data-large-file=\"https:\/\/i0.wp.com\/nububackyardultra.com\/wp-content\/uploads\/2024\/07\/img_0887-1.jpg?fit=685%2C458&amp;ssl=1\" src=\"https:\/\/i0.wp.com\/nububackyardultra.com\/wp-content\/uploads\/2024\/07\/img_0887-1.jpg?resize=685%2C458&#038;ssl=1\" alt=\"\" class=\"wp-image-2250\" srcset=\"https:\/\/i0.wp.com\/nububackyardultra.com\/wp-content\/uploads\/2024\/07\/img_0887-1.jpg?resize=1024%2C685&amp;ssl=1 1024w, https:\/\/i0.wp.com\/nububackyardultra.com\/wp-content\/uploads\/2024\/07\/img_0887-1.jpg?resize=300%2C201&amp;ssl=1 300w, https:\/\/i0.wp.com\/nububackyardultra.com\/wp-content\/uploads\/2024\/07\/img_0887-1.jpg?resize=768%2C514&amp;ssl=1 768w, https:\/\/i0.wp.com\/nububackyardultra.com\/wp-content\/uploads\/2024\/07\/img_0887-1.jpg?resize=1200%2C803&amp;ssl=1 1200w, https:\/\/i0.wp.com\/nububackyardultra.com\/wp-content\/uploads\/2024\/07\/img_0887-1.jpg?resize=685%2C458&amp;ssl=1 685w, https:\/\/i0.wp.com\/nububackyardultra.com\/wp-content\/uploads\/2024\/07\/img_0887-1.jpg?resize=342%2C228&amp;ssl=1 342w, https:\/\/i0.wp.com\/nububackyardultra.com\/wp-content\/uploads\/2024\/07\/img_0887-1.jpg?w=1284&amp;ssl=1 1284w\" sizes=\"auto, (max-width: 685px) 100vw, 685px\" \/><figcaption class=\"wp-element-caption\">A gift from a volunteer in 2024.<\/figcaption><\/figure>","protected":false},"excerpt":{"rendered":"<p>Tervetuloa mukaan j\u00e4rjest\u00e4m\u00e4\u00e4n meid\u00e4n tapahtumia. Ilman talkoolaisia n\u00e4m\u00e4 eiv\u00e4t ole mahdollisia j\u00e4rjest\u00e4\u00e4. Talkoolaisena saat pienen lahjan, ilmaisen ruuan ja osallistumisen johonkin seuraavaan tapahtumamme ilmaiseksi. Teht\u00e4vi\u00e4 on monenlaisia; liikenteenohjaus, juoksijoiden ruoka- ja juomahuolto, valokuvaus, sometus, reitin merkkaus- ja purkuhommat. Mahdollisuus on my\u00f6s p\u00e4\u00e4st\u00e4 opettelemaan ajanoton ja gps-seurannan hallinnointia. Talkoolaiset ovat vakuutettuja tapaturmien varalta. Ota yhteytt\u00e4 jos &hellip; <a href=\"https:\/\/nububackyardultra.com\/en\/talkoolaiset\/\" class=\"more-link\">Continue reading <span class=\"screen-reader-text\">Volunteers<\/span><\/a><\/p>","protected":false},"author":158649958,"featured_media":0,"parent":0,"menu_order":0,"comment_status":"closed","ping_status":"closed","template":"","meta":{"_crdt_document":"","advanced_seo_description":"","jetpack_seo_html_title":"","jetpack_seo_noindex":false,"footnotes":"","big_sky_generated":false},"class_list":["post-2251","page","type-page","status-publish","hentry"],"jetpack_likes_enabled":true,"jetpack_sharing_enabled":true,"jetpack_shortlink":"https:\/\/wp.me\/Pdzy2r-Aj","jetpack-related-posts":[{"id":363,"url":"https:\/\/nububackyardultra.com\/en\/osallistumisliput\/","url_meta":{"origin":2251,"position":0},"title":"Tickets, transfers and terms","author":"NUBU\u00ae","date":"27.9.2022","format":false,"excerpt":"Katso osallistumisliput tuleviin tapahtumiimme RaceResult palvelussa. Ostetuilla lipuilla ei ole peruutusoikeutta, mutta voit myyd\u00e4 itse lipun eteenp\u00e4in toiselle osallistujalle tai siirt\u00e4\u00e4 itsellesi seuraavalle vuodelle. Emme peri siirrosta lis\u00e4maksua. Ole siirroista yhteydess\u00e4 info@nubu.fi niin kerromme miten toimit. Siirtomahdollisuus seuraavalle vuodelle koskee vain tapahtumaa Nummela Backyard Ultra. Muissa tapahtumissamme siirtomahdollisuutta seuraavalle vuodelle\u2026","rel":"","context":"Similar post","block_context":{"text":"Similar post","link":""},"img":{"alt_text":"","src":"","width":0,"height":0},"classes":[]},{"id":2600,"url":"https:\/\/nububackyardultra.com\/en\/menneet-tapahtumat\/","url_meta":{"origin":2251,"position":1},"title":"Past events","author":"NUBU\u00ae","date":"24.9.2024","format":false,"excerpt":"NUBU 2025 NUBU 2024 NUBU 2023 satellite race finland 2022 MUITA VANHOJA TAPAHTUMIA","rel":"","context":"Similar post","block_context":{"text":"Similar post","link":""},"img":{"alt_text":"","src":"","width":0,"height":0},"classes":[]},{"id":3448,"url":"https:\/\/nububackyardultra.com\/en\/nubu10-team\/","url_meta":{"origin":2251,"position":2},"title":"NUBU10 team","author":"NUBU\u00ae","date":"23.5.2025","format":false,"excerpt":"Kev\u00e4\u00e4ll\u00e4 2026 NUBU10 tapahtumassa on uutena sarjana NUBU10 team! Kokoa 3-5 henkil\u00f6n joukkue jolla osallistutte tapahtumaan. Jokainen juoksija juoksee haluamansa m\u00e4\u00e4r\u00e4n kierroksia (1-8 kpl) niin ett\u00e4 joukkue suorittaa yhdess\u00e4 10 kierroksen tapahtuman. Joukkueessa voi hyvin olla eri tasoisia juoksijoita koska juostu matka per juoksija voi olla 6,7km- 53,6km riippuen miten\u2026","rel":"","context":"Similar post","block_context":{"text":"Similar post","link":""},"img":{"alt_text":"","src":"https:\/\/i0.wp.com\/nububackyardultra.com\/wp-content\/uploads\/2025\/05\/img_2775-2-1.jpg?resize=350%2C200&ssl=1","width":350,"height":200,"srcset":"https:\/\/i0.wp.com\/nububackyardultra.com\/wp-content\/uploads\/2025\/05\/img_2775-2-1.jpg?resize=350%2C200&ssl=1 1x, https:\/\/i0.wp.com\/nububackyardultra.com\/wp-content\/uploads\/2025\/05\/img_2775-2-1.jpg?resize=525%2C300&ssl=1 1.5x, https:\/\/i0.wp.com\/nububackyardultra.com\/wp-content\/uploads\/2025\/05\/img_2775-2-1.jpg?resize=700%2C400&ssl=1 2x"},"classes":[]},{"id":994,"url":"https:\/\/nububackyardultra.com\/en\/nummela-backyard-10h-20-4-2024\/","url_meta":{"origin":2251,"position":3},"title":"NUBU10 and mini (14.5.2026)","author":"NUBU\u00ae","date":"24.4.2023","format":false,"excerpt":"NUBU10 juostaan seuraavan kerran helatorstaina 14.5.2026 klo 10-20 Nuuksiossa Polku Hotellilla. Ilmoittautuminen tapahtumaan on auki. Tervetuloa testaamaan reitti yhteislenkille su 19.4.2026 klo 10:00 (Kurjolammentie 70, 03220 Vihti.) Tapahtumassa juostaan backyard ultran s\u00e4\u00e4nn\u00f6ill\u00e4, mutta tapahtuma on rajattu p\u00e4\u00e4ttym\u00e4\u00e4n 10 kierroksen j\u00e4lkeen. Juoksemme tunnin aikarajalla 6,7km kierroksia niin kauan kuin voimia riitt\u00e4\u00e4\u2026","rel":"","context":"Similar post","block_context":{"text":"Similar post","link":""},"img":{"alt_text":"","src":"https:\/\/i0.wp.com\/nububackyardultra.com\/wp-content\/uploads\/2025\/05\/img_2811-2-1.jpg?resize=350%2C200&ssl=1","width":350,"height":200,"srcset":"https:\/\/i0.wp.com\/nububackyardultra.com\/wp-content\/uploads\/2025\/05\/img_2811-2-1.jpg?resize=350%2C200&ssl=1 1x, https:\/\/i0.wp.com\/nububackyardultra.com\/wp-content\/uploads\/2025\/05\/img_2811-2-1.jpg?resize=525%2C300&ssl=1 1.5x, https:\/\/i0.wp.com\/nububackyardultra.com\/wp-content\/uploads\/2025\/05\/img_2811-2-1.jpg?resize=700%2C400&ssl=1 2x, https:\/\/i0.wp.com\/nububackyardultra.com\/wp-content\/uploads\/2025\/05\/img_2811-2-1.jpg?resize=1050%2C600&ssl=1 3x"},"classes":[]},{"id":18,"url":"https:\/\/nububackyardultra.com\/en\/yhteystiedot\/","url_meta":{"origin":2251,"position":4},"title":"Contact information","author":"NUBU\u00ae","date":"6.12.2021","format":false,"excerpt":"info@nubu.fi P. 040 8353995 \/ Juha INSTAGRAM FACEBOOK WHATSAPP Tapahtumien tulokset (2022-2024): nubu.spiidi.net GPS-seurantalinkit: Pallurat.fi Tapahtumien tulokset(2025-) ja ilmoittautuminen: NUBU:n tapahtumat Vihdin kartalla: Tietosuoja- ja rekisteriseloste","rel":"","context":"Similar post","block_context":{"text":"Similar post","link":""},"img":{"alt_text":"","src":"https:\/\/i0.wp.com\/nububackyardultra.com\/wp-content\/uploads\/2024\/09\/img_0003-1-2.png?resize=350%2C200&ssl=1","width":350,"height":200,"srcset":"https:\/\/i0.wp.com\/nububackyardultra.com\/wp-content\/uploads\/2024\/09\/img_0003-1-2.png?resize=350%2C200&ssl=1 1x, https:\/\/i0.wp.com\/nububackyardultra.com\/wp-content\/uploads\/2024\/09\/img_0003-1-2.png?resize=525%2C300&ssl=1 1.5x, https:\/\/i0.wp.com\/nububackyardultra.com\/wp-content\/uploads\/2024\/09\/img_0003-1-2.png?resize=700%2C400&ssl=1 2x, https:\/\/i0.wp.com\/nububackyardultra.com\/wp-content\/uploads\/2024\/09\/img_0003-1-2.png?resize=1050%2C600&ssl=1 3x, https:\/\/i0.wp.com\/nububackyardultra.com\/wp-content\/uploads\/2024\/09\/img_0003-1-2.png?resize=1400%2C800&ssl=1 4x"},"classes":[]},{"id":177,"url":"https:\/\/nububackyardultra.com\/en\/ajanottopalvelu-spiidi-net\/","url_meta":{"origin":2251,"position":5},"title":"Timing and GPS tracking services","author":"NUBU\u00ae","date":"27.3.2022","format":false,"excerpt":"NUBU\u00ae tarjoaa tapahtumille ajanottopalvelua. Olemme kustannusedullinen ja luotettava ratkaisu pienempien tapahtumien ajanottoon. K\u00e4yt\u00f6ss\u00e4 on Raceresultin aktiiviajanotto Ubidium ja chipit 120 osallistujalle. Meid\u00e4n kautta saat my\u00f6s Racemapin GPS-seurannan (30kpl) tapahtumallesi. Katso lis\u00e4\u00e4 -> Pallurat.fi Kysy tarjousta: info@nubu.fi","rel":"","context":"Similar post","block_context":{"text":"Similar post","link":""},"img":{"alt_text":"","src":"https:\/\/i0.wp.com\/nububackyardultra.com\/wp-content\/uploads\/2025\/06\/img_3056-1.jpg?resize=350%2C200&ssl=1","width":350,"height":200,"srcset":"https:\/\/i0.wp.com\/nububackyardultra.com\/wp-content\/uploads\/2025\/06\/img_3056-1.jpg?resize=350%2C200&ssl=1 1x, https:\/\/i0.wp.com\/nububackyardultra.com\/wp-content\/uploads\/2025\/06\/img_3056-1.jpg?resize=525%2C300&ssl=1 1.5x, https:\/\/i0.wp.com\/nububackyardultra.com\/wp-content\/uploads\/2025\/06\/img_3056-1.jpg?resize=700%2C400&ssl=1 2x, https:\/\/i0.wp.com\/nububackyardultra.com\/wp-content\/uploads\/2025\/06\/img_3056-1.jpg?resize=1050%2C600&ssl=1 3x"},"classes":[]}],"_links":{"self":[{"href":"https:\/\/nububackyardultra.com\/en\/wp-json\/wp\/v2\/pages\/2251","targetHints":{"allow":["GET"]}}],"collection":[{"href":"https:\/\/nububackyardultra.com\/en\/wp-json\/wp\/v2\/pages"}],"about":[{"href":"https:\/\/nububackyardultra.com\/en\/wp-json\/wp\/v2\/types\/page"}],"author":[{"embeddable":true,"href":"https:\/\/nububackyardultra.com\/en\/wp-json\/wp\/v2\/users\/158649958"}],"replies":[{"embeddable":true,"href":"https:\/\/nububackyardultra.com\/en\/wp-json\/wp\/v2\/comments?post=2251"}],"version-history":[{"count":2,"href":"https:\/\/nububackyardultra.com\/en\/wp-json\/wp\/v2\/pages\/2251\/revisions"}],"predecessor-version":[{"id":4100,"href":"https:\/\/nububackyardultra.com\/en\/wp-json\/wp\/v2\/pages\/2251\/revisions\/4100"}],"wp:attachment":[{"href":"https:\/\/nububackyardultra.com\/en\/wp-json\/wp\/v2\/media?parent=2251"}],"curies":[{"name":"wp","href":"https:\/\/api.w.org\/{rel}","templated":true}]}}