{"id":2742,"date":"2024-10-25T17:49:49","date_gmt":"2024-10-25T14:49:49","guid":{"rendered":"https:\/\/nububackyardultra.com\/nummela-backyard-ultra-2025\/"},"modified":"2025-10-21T10:40:47","modified_gmt":"2025-10-21T07:40:47","slug":"nummela-backyard-ultra-2025","status":"publish","type":"page","link":"https:\/\/nububackyardultra.com\/en\/nummela-backyard-ultra-2025\/","title":{"rendered":"NUBU 2025"},"content":{"rendered":"<p class=\"wp-block-paragraph\"><\/p>\n\n\n\n<div class=\"wp-block-buttons is-layout-flex wp-block-buttons-is-layout-flex\">\n<div class=\"wp-block-button\"><a class=\"wp-block-button__link has-vivid-red-background-color has-background wp-element-button\" href=\"https:\/\/my.raceresult.com\/309602\/live\">Results from<\/a><\/div>\n\n\n\n<div class=\"wp-block-button\"><a class=\"wp-block-button__link has-light-green-cyan-background-color has-background wp-element-button\" href=\"https:\/\/edge.racemap.com\/player\/nummela-backyard-ultra-2025_2025-10-11?app=true\">GPS tracking <\/a><\/div>\n\n\n\n<div class=\"wp-block-button\"><a class=\"wp-block-button__link has-green-background-color has-background wp-element-button\" href=\"https:\/\/vihdinkameraseura.fi\/kuvat\/Kuvausretket\/2025+Kuvausretket\/NUBU+2025\/\">Photographs (Vihti Camera Society)<\/a><\/div>\n\n\n\n<div class=\"wp-block-button\"><a class=\"wp-block-button__link has-green-background-color has-background wp-element-button\" href=\"https:\/\/www.facebook.com\/share\/1GPrc8AXoV\/?\">Photographs (Petteri Jokela<\/a><\/div>\n\n\n\n<div class=\"wp-block-button\"><a class=\"wp-block-button__link has-dark-purple-background-color has-background wp-element-button\" href=\"https:\/\/www.vihdinuutiset.fi\/paikalliset\/8924251\">Vihdin Uutiset<\/a><\/div>\n<\/div>\n\n\n\n<p class=\"has-medium-gray-color has-text-color wp-block-paragraph\"><mark style=\"background-color:rgba(0, 0, 0, 0);color:#999999\" class=\"has-inline-color has-medium-gray-color\">The event was run on 11-12.10. at Nummelanharju in Vihdi. The winner was Joni Lepist\u00f6 with 35 laps which is a record for the event. Joni also received a Silver coin which entitles her to a place on the Finnish team in the Backyard Satellite Competition 2026.<\/mark><\/p>\n\n\n\n<figure class=\"wp-block-image size-full\"><img data-recalc-dims=\"1\" loading=\"lazy\" decoding=\"async\" width=\"685\" height=\"385\" data-attachment-id=\"3790\" data-permalink=\"https:\/\/nububackyardultra.com\/en\/nummela-backyard-ultra-2025\/nimeton-malli-3-2\/\" data-orig-file=\"https:\/\/i0.wp.com\/nububackyardultra.com\/wp-content\/uploads\/2025\/10\/Nimeton-malli-3.png?fit=6000%2C3375&amp;ssl=1\" data-orig-size=\"6000,3375\" data-comments-opened=\"0\" data-image-meta=\"{&quot;aperture&quot;:&quot;0&quot;,&quot;credit&quot;:&quot;&quot;,&quot;camera&quot;:&quot;&quot;,&quot;caption&quot;:&quot;&quot;,&quot;created_timestamp&quot;:&quot;0&quot;,&quot;copyright&quot;:&quot;&quot;,&quot;focal_length&quot;:&quot;0&quot;,&quot;iso&quot;:&quot;0&quot;,&quot;shutter_speed&quot;:&quot;0&quot;,&quot;title&quot;:&quot;&quot;,&quot;orientation&quot;:&quot;0&quot;}\" data-image-title=\"Nimet\u00f6n malli (3)\" data-image-description=\"\" data-image-caption=\"\" data-large-file=\"https:\/\/i0.wp.com\/nububackyardultra.com\/wp-content\/uploads\/2025\/10\/Nimeton-malli-3.png?fit=685%2C385&amp;ssl=1\" src=\"https:\/\/i0.wp.com\/nububackyardultra.com\/wp-content\/uploads\/2025\/10\/Nimeton-malli-3.png?resize=685%2C385&#038;ssl=1\" alt=\"\" class=\"wp-image-3790\" srcset=\"https:\/\/i0.wp.com\/nububackyardultra.com\/wp-content\/uploads\/2025\/10\/Nimeton-malli-3.png?w=6000&amp;ssl=1 6000w, https:\/\/i0.wp.com\/nububackyardultra.com\/wp-content\/uploads\/2025\/10\/Nimeton-malli-3.png?resize=300%2C169&amp;ssl=1 300w, https:\/\/i0.wp.com\/nububackyardultra.com\/wp-content\/uploads\/2025\/10\/Nimeton-malli-3.png?resize=1024%2C576&amp;ssl=1 1024w, https:\/\/i0.wp.com\/nububackyardultra.com\/wp-content\/uploads\/2025\/10\/Nimeton-malli-3.png?resize=768%2C432&amp;ssl=1 768w, https:\/\/i0.wp.com\/nububackyardultra.com\/wp-content\/uploads\/2025\/10\/Nimeton-malli-3.png?resize=1536%2C864&amp;ssl=1 1536w, https:\/\/i0.wp.com\/nububackyardultra.com\/wp-content\/uploads\/2025\/10\/Nimeton-malli-3.png?resize=2048%2C1152&amp;ssl=1 2048w, https:\/\/i0.wp.com\/nububackyardultra.com\/wp-content\/uploads\/2025\/10\/Nimeton-malli-3.png?resize=1200%2C675&amp;ssl=1 1200w, https:\/\/i0.wp.com\/nububackyardultra.com\/wp-content\/uploads\/2025\/10\/Nimeton-malli-3.png?resize=685%2C385&amp;ssl=1 685w, https:\/\/i0.wp.com\/nububackyardultra.com\/wp-content\/uploads\/2025\/10\/Nimeton-malli-3.png?resize=2000%2C1125&amp;ssl=1 2000w, https:\/\/i0.wp.com\/nububackyardultra.com\/wp-content\/uploads\/2025\/10\/Nimeton-malli-3.png?resize=1320%2C743&amp;ssl=1 1320w, https:\/\/i0.wp.com\/nububackyardultra.com\/wp-content\/uploads\/2025\/10\/Nimeton-malli-3.png?w=1370&amp;ssl=1 1370w\" sizes=\"auto, (max-width: 685px) 100vw, 685px\" \/><\/figure>\n\n\n\n<p class=\"wp-block-paragraph\">Winner Joni Lepist\u00f6 <\/p>","protected":false},"excerpt":{"rendered":"<p>Tapahtuma juostiin 11-12.10. Nummelanharjulla Vihdiss\u00e4. Voittajaksi selviytyi Joni Lepist\u00f6 35:lla kierroksella mik\u00e4 on tapahtuman enn\u00e4tys. Joni sai samalla Silver-kolikon joka oikeuttaa paikkaan Suomen joukkueessa Backyardin Satelliittikilpailussa 2026. Voittaja Joni Lepist\u00f6<\/p>","protected":false},"author":158649958,"featured_media":0,"parent":0,"menu_order":0,"comment_status":"closed","ping_status":"closed","template":"","meta":{"_crdt_document":"","advanced_seo_description":"","jetpack_seo_html_title":"","jetpack_seo_noindex":false,"footnotes":"","big_sky_generated":false},"class_list":["post-2742","page","type-page","status-publish","hentry"],"jetpack_likes_enabled":true,"jetpack_sharing_enabled":true,"jetpack_shortlink":"https:\/\/wp.me\/Pdzy2r-Ie","jetpack-related-posts":[{"id":994,"url":"https:\/\/nububackyardultra.com\/en\/nummela-backyard-10h-20-4-2024\/","url_meta":{"origin":2742,"position":0},"title":"NUBU10 and mini (14.5.2026)","author":"NUBU\u00ae","date":"24.4.2023","format":false,"excerpt":"NUBU10 juostaan seuraavan kerran helatorstaina 14.5.2026 klo 10-20 Nuuksiossa Polku Hotellilla. Ilmoittautuminen tapahtumaan on auki. GPS-seuranta Livetulokset Tapahtumassa juostaan backyard ultran s\u00e4\u00e4nn\u00f6ill\u00e4, mutta tapahtuma on rajattu p\u00e4\u00e4ttym\u00e4\u00e4n 10 kierroksen j\u00e4lkeen. Juoksemme tunnin aikarajalla 6,7km kierroksia niin kauan kuin voimia riitt\u00e4\u00e4 mutta maksimissaan 10 kierrosta jolloin tapahtuma p\u00e4\u00e4ttyy kaikilla. Merrell palkitsee\u2026","rel":"","context":"Similar post","block_context":{"text":"Similar post","link":""},"img":{"alt_text":"","src":"https:\/\/i0.wp.com\/nububackyardultra.com\/wp-content\/uploads\/2025\/05\/img_2811-2-1.jpg?resize=350%2C200&ssl=1","width":350,"height":200,"srcset":"https:\/\/i0.wp.com\/nububackyardultra.com\/wp-content\/uploads\/2025\/05\/img_2811-2-1.jpg?resize=350%2C200&ssl=1 1x, https:\/\/i0.wp.com\/nububackyardultra.com\/wp-content\/uploads\/2025\/05\/img_2811-2-1.jpg?resize=525%2C300&ssl=1 1.5x, https:\/\/i0.wp.com\/nububackyardultra.com\/wp-content\/uploads\/2025\/05\/img_2811-2-1.jpg?resize=700%2C400&ssl=1 2x, https:\/\/i0.wp.com\/nububackyardultra.com\/wp-content\/uploads\/2025\/05\/img_2811-2-1.jpg?resize=1050%2C600&ssl=1 3x"},"classes":[]},{"id":174,"url":"https:\/\/nububackyardultra.com\/en\/vappuyon-tunkkaus-30-4-2022\/","url_meta":{"origin":2742,"position":1},"title":"Vappuy\u00f6 Hill Climb (30.4.2026)","author":"NUBU\u00ae","date":"20.3.2022","format":false,"excerpt":"Vappuy\u00f6n tunkkaus juostaan seuraavan kerran vappuaattona 30.4.2026 klo 21-23. Ilmoittautuminen tapahtumaan on auki. Livetulokset Kahden tunnin (21:00-23:00) tunkkauskilpailu Salmen vanhassa laskettelurinteess\u00e4. (Salmentie 75, Otalampi). Eniten kierroksia juossut 2h aikarajan aikana on voittaja. Erikoispalkinto annetaan sille joka tekee nopeimman yksitt\u00e4isen nousun kilpailun aikana. Salmen ulkoilualueen kartta Kilpailukeskuksen l\u00e4heisyydess\u00e4 ei ole wc:t\u00e4.\u2026","rel":"","context":"Similar post","block_context":{"text":"Similar post","link":""},"img":{"alt_text":"","src":"https:\/\/i0.wp.com\/nububackyardultra.com\/wp-content\/uploads\/2025\/05\/img_2813-1.jpg?resize=350%2C200&ssl=1","width":350,"height":200,"srcset":"https:\/\/i0.wp.com\/nububackyardultra.com\/wp-content\/uploads\/2025\/05\/img_2813-1.jpg?resize=350%2C200&ssl=1 1x, https:\/\/i0.wp.com\/nububackyardultra.com\/wp-content\/uploads\/2025\/05\/img_2813-1.jpg?resize=525%2C300&ssl=1 1.5x, https:\/\/i0.wp.com\/nububackyardultra.com\/wp-content\/uploads\/2025\/05\/img_2813-1.jpg?resize=700%2C400&ssl=1 2x, https:\/\/i0.wp.com\/nububackyardultra.com\/wp-content\/uploads\/2025\/05\/img_2813-1.jpg?resize=1050%2C600&ssl=1 3x"},"classes":[]},{"id":1519,"url":"https:\/\/nububackyardultra.com\/en\/nubu-2024\/","url_meta":{"origin":2742,"position":2},"title":"NUBU 2024","author":"NUBU\u00ae","date":"17.10.2023","format":false,"excerpt":"Nummela Backyard Ultra juostiin 12-13.10. mukavassa s\u00e4\u00e4ss\u00e4 Nummelanharjulla. Kilpailun voitti Janne M\u00e4nnikk\u00f6 33 kierroksella. Tapahtumassa n\u00e4htiin 26 ensikertalaista ja 26 uutta juoksijan omaa enn\u00e4tystulosta! TULOKSET GPS-SEURANTA VALOKUVAT https:\/\/videopress.com\/v\/1opmdzP0?resizeToParent=true&cover=true&preloadContent=metadata&useAverageColor=true","rel":"","context":"Similar post","block_context":{"text":"Similar post","link":""},"img":{"alt_text":"","src":"","width":0,"height":0},"classes":[]},{"id":76,"url":"https:\/\/nububackyardultra.com\/en\/nummela-backyard-ultra\/","url_meta":{"origin":2742,"position":3},"title":"NUBU 2023","author":"NUBU\u00ae","date":"7.12.2021","format":false,"excerpt":"https:\/\/youtu.be\/3S5SnVBVzWM?si=zrUgdpHv9VbFHiJD Nummela Backyard Ultra 2023 Nummela Backyard Ultra juostiin 14-15.10.2023. Voittajaksi selviytyi Nummelan oma ultraaja Pekka Aalto. H\u00e4n lunasti samalla Silver Ticket:in Satelliittikilpailuun Nivalaan 2024. Tulokset Seurantataulukko (Google Sheet) GPS-seuranta (Sportrec) Petteri Jokelan valokuvat Kuvat: Petteri Jokela","rel":"","context":"Similar post","block_context":{"text":"Similar post","link":""},"img":{"alt_text":"","src":"https:\/\/i0.wp.com\/nububackyardultra.com\/wp-content\/uploads\/2023\/10\/img_4590-1.jpg?resize=350%2C200&ssl=1","width":350,"height":200,"srcset":"https:\/\/i0.wp.com\/nububackyardultra.com\/wp-content\/uploads\/2023\/10\/img_4590-1.jpg?resize=350%2C200&ssl=1 1x, https:\/\/i0.wp.com\/nububackyardultra.com\/wp-content\/uploads\/2023\/10\/img_4590-1.jpg?resize=525%2C300&ssl=1 1.5x, https:\/\/i0.wp.com\/nububackyardultra.com\/wp-content\/uploads\/2023\/10\/img_4590-1.jpg?resize=700%2C400&ssl=1 2x, https:\/\/i0.wp.com\/nububackyardultra.com\/wp-content\/uploads\/2023\/10\/img_4590-1.jpg?resize=1050%2C600&ssl=1 3x"},"classes":[]},{"id":98,"url":"https:\/\/nububackyardultra.com\/en\/big-dogs-backyard-ultra-world-championships-satellite-race-finland\/","url_meta":{"origin":2742,"position":4},"title":"Backyard Ultra World Championship Satellite Race Finland 2022","author":"NUBU\u00ae","date":"7.12.2021","format":false,"excerpt":"Vihdin Nummelassa juostiin 15- 17.10.2022 Backyard Ultran joukkue maailmanmestaruuskilpailu johon oli kutsuttu 15 juoksijaa edustamaan Suomea. Kilpailu keskeytettiin kierroksella 33 myrskyn takia. J\u00e4rjestimme Vihdiss\u00e4 21-22.4.2023 uusinnan kolmelle juoksijalle ja voittajaksi selviytyi Visa Kivinen. Polkuporinat jakso kilpailusta Runoff 21.4.2023 KILPAILUINFO TULOKSET 15.10.2022 GPS seuranta LEADERBOARD Juoksijaesittelyt Jarmo Koskelan kuvat Suomen joukkue\u2026","rel":"","context":"Similar post","block_context":{"text":"Similar post","link":""},"img":{"alt_text":"","src":"https:\/\/i0.wp.com\/nububackyardultra.com\/wp-content\/uploads\/2022\/10\/img_1651.jpg?resize=350%2C200&ssl=1","width":350,"height":200,"srcset":"https:\/\/i0.wp.com\/nububackyardultra.com\/wp-content\/uploads\/2022\/10\/img_1651.jpg?resize=350%2C200&ssl=1 1x, https:\/\/i0.wp.com\/nububackyardultra.com\/wp-content\/uploads\/2022\/10\/img_1651.jpg?resize=525%2C300&ssl=1 1.5x, https:\/\/i0.wp.com\/nububackyardultra.com\/wp-content\/uploads\/2022\/10\/img_1651.jpg?resize=700%2C400&ssl=1 2x, https:\/\/i0.wp.com\/nububackyardultra.com\/wp-content\/uploads\/2022\/10\/img_1651.jpg?resize=1050%2C600&ssl=1 3x"},"classes":[]},{"id":18,"url":"https:\/\/nububackyardultra.com\/en\/yhteystiedot\/","url_meta":{"origin":2742,"position":5},"title":"Contact information","author":"NUBU\u00ae","date":"6.12.2021","format":false,"excerpt":"info@nubu.fi P. 040 8353995 \/ Juha INSTAGRAM FACEBOOK WHATSAPP Tapahtumien tulokset (2022-2024): nubu.spiidi.net GPS-seurantalinkit: Pallurat.fi Tapahtumien tulokset(2025-) ja ilmoittautuminen: NUBU:n tapahtumat Vihdin kartalla: Tietosuoja- ja rekisteriseloste","rel":"","context":"Similar post","block_context":{"text":"Similar post","link":""},"img":{"alt_text":"","src":"https:\/\/i0.wp.com\/nububackyardultra.com\/wp-content\/uploads\/2024\/09\/img_0003-1-2.png?resize=350%2C200&ssl=1","width":350,"height":200,"srcset":"https:\/\/i0.wp.com\/nububackyardultra.com\/wp-content\/uploads\/2024\/09\/img_0003-1-2.png?resize=350%2C200&ssl=1 1x, https:\/\/i0.wp.com\/nububackyardultra.com\/wp-content\/uploads\/2024\/09\/img_0003-1-2.png?resize=525%2C300&ssl=1 1.5x, https:\/\/i0.wp.com\/nububackyardultra.com\/wp-content\/uploads\/2024\/09\/img_0003-1-2.png?resize=700%2C400&ssl=1 2x, https:\/\/i0.wp.com\/nububackyardultra.com\/wp-content\/uploads\/2024\/09\/img_0003-1-2.png?resize=1050%2C600&ssl=1 3x, https:\/\/i0.wp.com\/nububackyardultra.com\/wp-content\/uploads\/2024\/09\/img_0003-1-2.png?resize=1400%2C800&ssl=1 4x"},"classes":[]}],"_links":{"self":[{"href":"https:\/\/nububackyardultra.com\/en\/wp-json\/wp\/v2\/pages\/2742","targetHints":{"allow":["GET"]}}],"collection":[{"href":"https:\/\/nububackyardultra.com\/en\/wp-json\/wp\/v2\/pages"}],"about":[{"href":"https:\/\/nububackyardultra.com\/en\/wp-json\/wp\/v2\/types\/page"}],"author":[{"embeddable":true,"href":"https:\/\/nububackyardultra.com\/en\/wp-json\/wp\/v2\/users\/158649958"}],"replies":[{"embeddable":true,"href":"https:\/\/nububackyardultra.com\/en\/wp-json\/wp\/v2\/comments?post=2742"}],"version-history":[{"count":90,"href":"https:\/\/nububackyardultra.com\/en\/wp-json\/wp\/v2\/pages\/2742\/revisions"}],"predecessor-version":[{"id":3844,"href":"https:\/\/nububackyardultra.com\/en\/wp-json\/wp\/v2\/pages\/2742\/revisions\/3844"}],"wp:attachment":[{"href":"https:\/\/nububackyardultra.com\/en\/wp-json\/wp\/v2\/media?parent=2742"}],"curies":[{"name":"wp","href":"https:\/\/api.w.org\/{rel}","templated":true}]}}